{"id":13,"date":"2024-06-04T19:07:59","date_gmt":"2024-06-04T17:07:59","guid":{"rendered":"https:\/\/www.maggiofiaschettano.it\/volley\/?page_id=13"},"modified":"2025-07-29T18:13:17","modified_gmt":"2025-07-29T16:13:17","slug":"home-volley-fiaschetti","status":"publish","type":"page","link":"https:\/\/www.maggiofiaschettano.it\/volley\/","title":{"rendered":"Home"},"content":{"rendered":"\t\t<div data-elementor-type=\"wp-page\" data-elementor-id=\"13\" class=\"elementor elementor-13\">\n\t\t\t\t<div class=\"elementor-element elementor-element-790344a e-con-full e-flex e-con e-parent\" data-id=\"790344a\" data-element_type=\"container\">\n\t\t\t\t<div class=\"elementor-element elementor-element-d2831a3 elementor-widget elementor-widget-image\" data-id=\"d2831a3\" data-element_type=\"widget\" data-widget_type=\"image.default\">\n\t\t\t\t<div class=\"elementor-widget-container\">\n\t\t\t\t\t\t\t\t\t\t\t\t\t\t\t<img fetchpriority=\"high\" decoding=\"async\" width=\"2532\" height=\"1170\" src=\"https:\/\/www.maggiofiaschettano.it\/volley\/wp-content\/uploads\/sites\/5\/2024\/06\/Progetto-senza-titolo.png\" class=\"attachment-full size-full wp-image-38\" alt=\"banner.png\" srcset=\"https:\/\/www.maggiofiaschettano.it\/volley\/wp-content\/uploads\/sites\/5\/2024\/06\/Progetto-senza-titolo.png 2532w, https:\/\/www.maggiofiaschettano.it\/volley\/wp-content\/uploads\/sites\/5\/2024\/06\/Progetto-senza-titolo-300x139.png 300w, https:\/\/www.maggiofiaschettano.it\/volley\/wp-content\/uploads\/sites\/5\/2024\/06\/Progetto-senza-titolo-1024x473.png 1024w, https:\/\/www.maggiofiaschettano.it\/volley\/wp-content\/uploads\/sites\/5\/2024\/06\/Progetto-senza-titolo-768x355.png 768w, https:\/\/www.maggiofiaschettano.it\/volley\/wp-content\/uploads\/sites\/5\/2024\/06\/Progetto-senza-titolo-1536x710.png 1536w, https:\/\/www.maggiofiaschettano.it\/volley\/wp-content\/uploads\/sites\/5\/2024\/06\/Progetto-senza-titolo-2048x946.png 2048w\" sizes=\"(max-width: 2532px) 100vw, 2532px\" \/>\t\t\t\t\t\t\t\t\t\t\t\t\t\t\t<\/div>\n\t\t\t\t<\/div>\n\t\t\t\t<\/div>\n\t\t<div class=\"elementor-element elementor-element-e96f671 e-con-full e-flex e-con e-parent\" data-id=\"e96f671\" data-element_type=\"container\">\n\t\t\t\t<div class=\"elementor-element elementor-element-4201e3f elementor-widget elementor-widget-heading\" data-id=\"4201e3f\" data-element_type=\"widget\" data-widget_type=\"heading.default\">\n\t\t\t\t<div class=\"elementor-widget-container\">\n\t\t\t\t\t<h2 class=\"elementor-heading-title elementor-size-default\"><span style=\"font-size: 30px\"><img decoding=\"async\" role=\"img\" class=\"emoji\" alt=\"\ud83c\udfd0\" src=\"https:\/\/s.w.org\/images\/core\/emoji\/15.0.3\/svg\/1f3d0.svg\"><\/span><span style=\"font-size: 35px\"> 32\u00b0 Volley Fiaschetti 2025<\/span><\/h2>\t\t\t\t<\/div>\n\t\t\t\t<\/div>\n\t\t\t\t<div class=\"elementor-element elementor-element-46379c3 elementor-widget elementor-widget-heading\" data-id=\"46379c3\" data-element_type=\"widget\" data-widget_type=\"heading.default\">\n\t\t\t\t<div class=\"elementor-widget-container\">\n\t\t\t\t\t<h4 class=\"elementor-heading-title elementor-size-default\">Vi aspettiamo il prossimo anno<\/h4>\t\t\t\t<\/div>\n\t\t\t\t<\/div>\n\t\t\t\t<div class=\"elementor-element elementor-element-df2f9ad elementor-widget elementor-widget-text-editor\" data-id=\"df2f9ad\" data-element_type=\"widget\" data-widget_type=\"text-editor.default\">\n\t\t\t\t<div class=\"elementor-widget-container\">\n\t\t\t\t\t\t\t\t\t<h5>Anche questa edizione del Volley Fiaschetti \u00e8 terminata con un grande successo di critica e di pubblico.\u00a0<\/h5><h5>Vi aspettiamo ovviamente per la prossima edizione nel 2026.<\/h5>\t\t\t\t\t\t\t\t<\/div>\n\t\t\t\t<\/div>\n\t\t\t\t<div class=\"elementor-element elementor-element-333d46a elementor-widget elementor-widget-image\" data-id=\"333d46a\" data-element_type=\"widget\" data-widget_type=\"image.default\">\n\t\t\t\t<div class=\"elementor-widget-container\">\n\t\t\t\t\t\t\t\t\t\t\t\t\t\t\t<img decoding=\"async\" width=\"422\" height=\"396\" src=\"https:\/\/www.maggiofiaschettano.it\/volley\/wp-content\/uploads\/sites\/5\/2024\/07\/Immagine-2024-07-22-175602.png\" class=\"attachment-large size-large wp-image-474\" alt=\"chiusura.png\" srcset=\"https:\/\/www.maggiofiaschettano.it\/volley\/wp-content\/uploads\/sites\/5\/2024\/07\/Immagine-2024-07-22-175602.png 422w, https:\/\/www.maggiofiaschettano.it\/volley\/wp-content\/uploads\/sites\/5\/2024\/07\/Immagine-2024-07-22-175602-300x282.png 300w\" sizes=\"(max-width: 422px) 100vw, 422px\" \/>\t\t\t\t\t\t\t\t\t\t\t\t\t\t\t<\/div>\n\t\t\t\t<\/div>\n\t\t\t\t<\/div>\n\t\t<!-- dce invisible element 58146ce --><!-- dce invisible element 0519fae --><!-- dce invisible element ac9f1c3 -->\t\t<\/div>\n\t\t","protected":false},"excerpt":{"rendered":"<p>32\u00b0 Volley Fiaschetti 2025 Vi aspettiamo il prossimo anno Anche questa edizione del Volley Fiaschetti \u00e8 terminata con un grande successo di critica e di pubblico.\u00a0 Vi aspettiamo ovviamente per la prossima edizione nel 2026. 32\u00b0 Volley Fiaschetti 2025 Dal 07 al 25 Lugliotutti i Luned\u00ec, Mercoled\u00ec e Venerd\u00ec Vi presentiamo la nuova edizione del [&hellip;]<\/p>\n","protected":false},"author":1,"featured_media":0,"parent":0,"menu_order":0,"comment_status":"closed","ping_status":"closed","template":"","meta":{"footnotes":""},"class_list":["post-13","page","type-page","status-publish","hentry"],"yoast_head":"<!-- This site is optimized with the Yoast SEO plugin v24.6 - https:\/\/yoast.com\/wordpress\/plugins\/seo\/ -->\n<title>Volley Fiaschetti 2025 - Dal 07 al 25 luglio<\/title>\n<meta name=\"description\" content=\"Vi presentiamo la 32\u00b0 edizione del Volley Fiaschetti, vi aspettiamo i Luned\u00ec, Mercoled\u00ec e Venerd\u00ec per giocare e mangiare al nostro chiosco\" \/>\n<meta name=\"robots\" content=\"index, follow, max-snippet:-1, max-image-preview:large, max-video-preview:-1\" \/>\n<link rel=\"canonical\" href=\"https:\/\/www.maggiofiaschettano.it\/volley\/\" \/>\n<meta property=\"og:locale\" content=\"it_IT\" \/>\n<meta property=\"og:type\" content=\"article\" \/>\n<meta property=\"og:title\" content=\"Volley Fiaschetti 2025 - Dal 07 al 25 luglio\" \/>\n<meta property=\"og:description\" content=\"Vi presentiamo la 32\u00b0 edizione del Volley Fiaschetti, vi aspettiamo i Luned\u00ec, Mercoled\u00ec e Venerd\u00ec per giocare e mangiare al nostro chiosco\" \/>\n<meta property=\"og:url\" content=\"https:\/\/www.maggiofiaschettano.it\/volley\/\" \/>\n<meta property=\"og:site_name\" content=\"Volley Fiaschetti 2025\" \/>\n<meta property=\"article:modified_time\" content=\"2025-07-29T16:13:17+00:00\" \/>\n<meta property=\"og:image\" content=\"https:\/\/www.maggiofiaschettano.it\/volley\/wp-content\/uploads\/sites\/5\/2024\/06\/Progetto-senza-titolo.png\" \/>\n\t<meta property=\"og:image:width\" content=\"2532\" \/>\n\t<meta property=\"og:image:height\" content=\"1170\" \/>\n\t<meta property=\"og:image:type\" content=\"image\/png\" \/>\n<meta name=\"twitter:card\" content=\"summary_large_image\" \/>\n<meta name=\"twitter:label1\" content=\"Tempo di lettura stimato\" \/>\n\t<meta name=\"twitter:data1\" content=\"5 minuti\" \/>\n<script type=\"application\/ld+json\" class=\"yoast-schema-graph\">{\"@context\":\"https:\/\/schema.org\",\"@graph\":[{\"@type\":\"WebPage\",\"@id\":\"https:\/\/www.maggiofiaschettano.it\/volley\/\",\"url\":\"https:\/\/www.maggiofiaschettano.it\/volley\/\",\"name\":\"Volley Fiaschetti 2025 - Dal 07 al 25 luglio\",\"isPartOf\":{\"@id\":\"https:\/\/www.maggiofiaschettano.it\/volley\/#website\"},\"primaryImageOfPage\":{\"@id\":\"https:\/\/www.maggiofiaschettano.it\/volley\/#primaryimage\"},\"image\":{\"@id\":\"https:\/\/www.maggiofiaschettano.it\/volley\/#primaryimage\"},\"thumbnailUrl\":\"https:\/\/www.maggiofiaschettano.it\/volley\/wp-content\/uploads\/sites\/5\/2024\/06\/Progetto-senza-titolo.png\",\"datePublished\":\"2024-06-04T17:07:59+00:00\",\"dateModified\":\"2025-07-29T16:13:17+00:00\",\"description\":\"Vi presentiamo la 32\u00b0 edizione del Volley Fiaschetti, vi aspettiamo i Luned\u00ec, Mercoled\u00ec e Venerd\u00ec per giocare e mangiare al nostro chiosco\",\"breadcrumb\":{\"@id\":\"https:\/\/www.maggiofiaschettano.it\/volley\/#breadcrumb\"},\"inLanguage\":\"it-IT\",\"potentialAction\":[{\"@type\":\"ReadAction\",\"target\":[\"https:\/\/www.maggiofiaschettano.it\/volley\/\"]}]},{\"@type\":\"ImageObject\",\"inLanguage\":\"it-IT\",\"@id\":\"https:\/\/www.maggiofiaschettano.it\/volley\/#primaryimage\",\"url\":\"https:\/\/www.maggiofiaschettano.it\/volley\/wp-content\/uploads\/sites\/5\/2024\/06\/Progetto-senza-titolo.png\",\"contentUrl\":\"https:\/\/www.maggiofiaschettano.it\/volley\/wp-content\/uploads\/sites\/5\/2024\/06\/Progetto-senza-titolo.png\",\"width\":2532,\"height\":1170,\"caption\":\"banner.png\"},{\"@type\":\"BreadcrumbList\",\"@id\":\"https:\/\/www.maggiofiaschettano.it\/volley\/#breadcrumb\",\"itemListElement\":[{\"@type\":\"ListItem\",\"position\":1,\"name\":\"Home\",\"item\":\"https:\/\/www.maggiofiaschettano.it\/volley\/\"},{\"@type\":\"ListItem\",\"position\":2,\"name\":\"Home\"}]},{\"@type\":\"WebSite\",\"@id\":\"https:\/\/www.maggiofiaschettano.it\/volley\/#website\",\"url\":\"https:\/\/www.maggiofiaschettano.it\/volley\/\",\"name\":\"Volley Fiaschetti 2025\",\"description\":\"Volley Fiaschetti\",\"publisher\":{\"@id\":\"https:\/\/www.maggiofiaschettano.it\/volley\/#organization\"},\"potentialAction\":[{\"@type\":\"SearchAction\",\"target\":{\"@type\":\"EntryPoint\",\"urlTemplate\":\"https:\/\/www.maggiofiaschettano.it\/volley\/?s={search_term_string}\"},\"query-input\":{\"@type\":\"PropertyValueSpecification\",\"valueRequired\":true,\"valueName\":\"search_term_string\"}}],\"inLanguage\":\"it-IT\"},{\"@type\":\"Organization\",\"@id\":\"https:\/\/www.maggiofiaschettano.it\/volley\/#organization\",\"name\":\"Volley Fiaschetti 2025\",\"url\":\"https:\/\/www.maggiofiaschettano.it\/volley\/\",\"logo\":{\"@type\":\"ImageObject\",\"inLanguage\":\"it-IT\",\"@id\":\"https:\/\/www.maggiofiaschettano.it\/volley\/#\/schema\/logo\/image\/\",\"url\":\"https:\/\/www.maggiofiaschettano.it\/volley\/wp-content\/uploads\/sites\/5\/2024\/06\/cropped-logo.jpg\",\"contentUrl\":\"https:\/\/www.maggiofiaschettano.it\/volley\/wp-content\/uploads\/sites\/5\/2024\/06\/cropped-logo.jpg\",\"width\":655,\"height\":500,\"caption\":\"Volley Fiaschetti 2025\"},\"image\":{\"@id\":\"https:\/\/www.maggiofiaschettano.it\/volley\/#\/schema\/logo\/image\/\"}}]}<\/script>\n<!-- \/ Yoast SEO plugin. -->","yoast_head_json":{"title":"Volley Fiaschetti 2025 - Dal 07 al 25 luglio","description":"Vi presentiamo la 32\u00b0 edizione del Volley Fiaschetti, vi aspettiamo i Luned\u00ec, Mercoled\u00ec e Venerd\u00ec per giocare e mangiare al nostro chiosco","robots":{"index":"index","follow":"follow","max-snippet":"max-snippet:-1","max-image-preview":"max-image-preview:large","max-video-preview":"max-video-preview:-1"},"canonical":"https:\/\/www.maggiofiaschettano.it\/volley\/","og_locale":"it_IT","og_type":"article","og_title":"Volley Fiaschetti 2025 - Dal 07 al 25 luglio","og_description":"Vi presentiamo la 32\u00b0 edizione del Volley Fiaschetti, vi aspettiamo i Luned\u00ec, Mercoled\u00ec e Venerd\u00ec per giocare e mangiare al nostro chiosco","og_url":"https:\/\/www.maggiofiaschettano.it\/volley\/","og_site_name":"Volley Fiaschetti 2025","article_modified_time":"2025-07-29T16:13:17+00:00","og_image":[{"width":2532,"height":1170,"url":"https:\/\/www.maggiofiaschettano.it\/volley\/wp-content\/uploads\/sites\/5\/2024\/06\/Progetto-senza-titolo.png","type":"image\/png"}],"twitter_card":"summary_large_image","twitter_misc":{"Tempo di lettura stimato":"5 minuti"},"schema":{"@context":"https:\/\/schema.org","@graph":[{"@type":"WebPage","@id":"https:\/\/www.maggiofiaschettano.it\/volley\/","url":"https:\/\/www.maggiofiaschettano.it\/volley\/","name":"Volley Fiaschetti 2025 - Dal 07 al 25 luglio","isPartOf":{"@id":"https:\/\/www.maggiofiaschettano.it\/volley\/#website"},"primaryImageOfPage":{"@id":"https:\/\/www.maggiofiaschettano.it\/volley\/#primaryimage"},"image":{"@id":"https:\/\/www.maggiofiaschettano.it\/volley\/#primaryimage"},"thumbnailUrl":"https:\/\/www.maggiofiaschettano.it\/volley\/wp-content\/uploads\/sites\/5\/2024\/06\/Progetto-senza-titolo.png","datePublished":"2024-06-04T17:07:59+00:00","dateModified":"2025-07-29T16:13:17+00:00","description":"Vi presentiamo la 32\u00b0 edizione del Volley Fiaschetti, vi aspettiamo i Luned\u00ec, Mercoled\u00ec e Venerd\u00ec per giocare e mangiare al nostro chiosco","breadcrumb":{"@id":"https:\/\/www.maggiofiaschettano.it\/volley\/#breadcrumb"},"inLanguage":"it-IT","potentialAction":[{"@type":"ReadAction","target":["https:\/\/www.maggiofiaschettano.it\/volley\/"]}]},{"@type":"ImageObject","inLanguage":"it-IT","@id":"https:\/\/www.maggiofiaschettano.it\/volley\/#primaryimage","url":"https:\/\/www.maggiofiaschettano.it\/volley\/wp-content\/uploads\/sites\/5\/2024\/06\/Progetto-senza-titolo.png","contentUrl":"https:\/\/www.maggiofiaschettano.it\/volley\/wp-content\/uploads\/sites\/5\/2024\/06\/Progetto-senza-titolo.png","width":2532,"height":1170,"caption":"banner.png"},{"@type":"BreadcrumbList","@id":"https:\/\/www.maggiofiaschettano.it\/volley\/#breadcrumb","itemListElement":[{"@type":"ListItem","position":1,"name":"Home","item":"https:\/\/www.maggiofiaschettano.it\/volley\/"},{"@type":"ListItem","position":2,"name":"Home"}]},{"@type":"WebSite","@id":"https:\/\/www.maggiofiaschettano.it\/volley\/#website","url":"https:\/\/www.maggiofiaschettano.it\/volley\/","name":"Volley Fiaschetti 2025","description":"Volley Fiaschetti","publisher":{"@id":"https:\/\/www.maggiofiaschettano.it\/volley\/#organization"},"potentialAction":[{"@type":"SearchAction","target":{"@type":"EntryPoint","urlTemplate":"https:\/\/www.maggiofiaschettano.it\/volley\/?s={search_term_string}"},"query-input":{"@type":"PropertyValueSpecification","valueRequired":true,"valueName":"search_term_string"}}],"inLanguage":"it-IT"},{"@type":"Organization","@id":"https:\/\/www.maggiofiaschettano.it\/volley\/#organization","name":"Volley Fiaschetti 2025","url":"https:\/\/www.maggiofiaschettano.it\/volley\/","logo":{"@type":"ImageObject","inLanguage":"it-IT","@id":"https:\/\/www.maggiofiaschettano.it\/volley\/#\/schema\/logo\/image\/","url":"https:\/\/www.maggiofiaschettano.it\/volley\/wp-content\/uploads\/sites\/5\/2024\/06\/cropped-logo.jpg","contentUrl":"https:\/\/www.maggiofiaschettano.it\/volley\/wp-content\/uploads\/sites\/5\/2024\/06\/cropped-logo.jpg","width":655,"height":500,"caption":"Volley Fiaschetti 2025"},"image":{"@id":"https:\/\/www.maggiofiaschettano.it\/volley\/#\/schema\/logo\/image\/"}}]}},"_links":{"self":[{"href":"https:\/\/www.maggiofiaschettano.it\/volley\/wp-json\/wp\/v2\/pages\/13","targetHints":{"allow":["GET"]}}],"collection":[{"href":"https:\/\/www.maggiofiaschettano.it\/volley\/wp-json\/wp\/v2\/pages"}],"about":[{"href":"https:\/\/www.maggiofiaschettano.it\/volley\/wp-json\/wp\/v2\/types\/page"}],"author":[{"embeddable":true,"href":"https:\/\/www.maggiofiaschettano.it\/volley\/wp-json\/wp\/v2\/users\/1"}],"replies":[{"embeddable":true,"href":"https:\/\/www.maggiofiaschettano.it\/volley\/wp-json\/wp\/v2\/comments?post=13"}],"version-history":[{"count":526,"href":"https:\/\/www.maggiofiaschettano.it\/volley\/wp-json\/wp\/v2\/pages\/13\/revisions"}],"predecessor-version":[{"id":642,"href":"https:\/\/www.maggiofiaschettano.it\/volley\/wp-json\/wp\/v2\/pages\/13\/revisions\/642"}],"wp:attachment":[{"href":"https:\/\/www.maggiofiaschettano.it\/volley\/wp-json\/wp\/v2\/media?parent=13"}],"curies":[{"name":"wp","href":"https:\/\/api.w.org\/{rel}","templated":true}]}}